{"id":6416,"date":"2026-03-04T21:35:26","date_gmt":"2026-03-05T01:35:26","guid":{"rendered":"https:\/\/tedxamazonia.com\/inicio-2026\/"},"modified":"2026-03-30T07:50:16","modified_gmt":"2026-03-30T11:50:16","slug":"inicio-2026","status":"publish","type":"page","link":"https:\/\/tedxamazonia.com\/es\/","title":{"rendered":"Inicio 2026"},"content":{"rendered":"\t\t<div data-elementor-type=\"wp-page\" data-elementor-id=\"6416\" class=\"elementor elementor-6416 elementor-6337\" data-elementor-post-type=\"page\">\n\t\t\t\t<div class=\"elementor-element elementor-element-315f27c e-con-full e-flex e-con e-parent\" data-id=\"315f27c\" data-element_type=\"container\" data-e-type=\"container\" data-settings=\"{&quot;background_background&quot;:&quot;classic&quot;}\">\n\t\t<div class=\"elementor-element elementor-element-41f0e86 e-flex e-con-boxed e-con e-child\" data-id=\"41f0e86\" data-element_type=\"container\" data-e-type=\"container\">\n\t\t\t\t\t<div class=\"e-con-inner\">\n\t\t\t\t<div class=\"elementor-element elementor-element-8cf60f2 elementor-widget elementor-widget-image\" data-id=\"8cf60f2\" data-element_type=\"widget\" data-e-type=\"widget\" data-widget_type=\"image.default\">\n\t\t\t\t<div class=\"elementor-widget-container\">\n\t\t\t\t\t\t\t\t\t\t\t\t\t\t\t<img decoding=\"async\" width=\"300\" height=\"34\" src=\"https:\/\/tedxamazonia.com\/wp-content\/uploads\/2026\/03\/logo-tedx-amazonia.png\" class=\"attachment-large size-large wp-image-6980\" alt=\"\" \/>\t\t\t\t\t\t\t\t\t\t\t\t\t\t\t<\/div>\n\t\t\t\t<\/div>\n\t\t\t\t<div class=\"elementor-element elementor-element-5701cf2 elementor-widget elementor-widget-heading\" data-id=\"5701cf2\" data-element_type=\"widget\" data-e-type=\"widget\" data-widget_type=\"heading.default\">\n\t\t\t\t<div class=\"elementor-widget-container\">\n\t\t\t\t\t<h2 class=\"elementor-heading-title elementor-size-default\">Donde todo conecta<\/h2>\t\t\t\t<\/div>\n\t\t\t\t<\/div>\n\t\t\t\t<div class=\"elementor-element elementor-element-c3c0466 elementor-widget-divider--view-line elementor-widget elementor-widget-divider\" data-id=\"c3c0466\" data-element_type=\"widget\" data-e-type=\"widget\" data-widget_type=\"divider.default\">\n\t\t\t\t<div class=\"elementor-widget-container\">\n\t\t\t\t\t\t\t<div class=\"elementor-divider\">\n\t\t\t<span class=\"elementor-divider-separator\">\n\t\t\t\t\t\t<\/span>\n\t\t<\/div>\n\t\t\t\t\t\t<\/div>\n\t\t\t\t<\/div>\n\t\t\t\t<div class=\"elementor-element elementor-element-d541cca elementor-widget elementor-widget-heading\" data-id=\"d541cca\" data-element_type=\"widget\" data-e-type=\"widget\" data-widget_type=\"heading.default\">\n\t\t\t\t<div class=\"elementor-widget-container\">\n\t\t\t\t\t<h2 class=\"elementor-heading-title elementor-size-default\">Ba\u00f1os y Puyo, Ecuador <br>27 - 30 de agosto de 2026<\/h2>\t\t\t\t<\/div>\n\t\t\t\t<\/div>\n\t\t\t\t<div class=\"elementor-element elementor-element-5c59966 elementor-mobile-align-center elementor-align-right elementor-widget elementor-widget-button\" data-id=\"5c59966\" data-element_type=\"widget\" data-e-type=\"widget\" data-widget_type=\"button.default\">\n\t\t\t\t<div class=\"elementor-widget-container\">\n\t\t\t\t\t\t\t\t\t<div class=\"elementor-button-wrapper\">\n\t\t\t\t\t<a class=\"elementor-button elementor-button-link elementor-size-sm\" href=\"https:\/\/tedxamazonia.com\/es\/donde-todo-conecta\/\">\n\t\t\t\t\t\t<span class=\"elementor-button-content-wrapper\">\n\t\t\t\t\t\t\t\t\t<span class=\"elementor-button-text\">Ecuador 2026<\/span>\n\t\t\t\t\t<\/span>\n\t\t\t\t\t<\/a>\n\t\t\t\t<\/div>\n\t\t\t\t\t\t\t\t<\/div>\n\t\t\t\t<\/div>\n\t\t\t\t\t<\/div>\n\t\t\t\t<\/div>\n\t\t\t\t<\/div>\n\t\t<div class=\"elementor-element elementor-element-357eae6 e-flex e-con-boxed e-con e-parent\" data-id=\"357eae6\" data-element_type=\"container\" data-e-type=\"container\" data-settings=\"{&quot;background_background&quot;:&quot;classic&quot;}\">\n\t\t\t\t\t<div class=\"e-con-inner\">\n\t\t<div class=\"elementor-element elementor-element-10a5934 e-con-full e-flex e-con e-child\" data-id=\"10a5934\" data-element_type=\"container\" data-e-type=\"container\" data-settings=\"{&quot;background_background&quot;:&quot;classic&quot;}\">\n\t\t\t\t<div class=\"elementor-element elementor-element-b506a6a elementor-mobile-align-center elementor-align-right elementor-widget elementor-widget-button\" data-id=\"b506a6a\" data-element_type=\"widget\" data-e-type=\"widget\" data-widget_type=\"button.default\">\n\t\t\t\t<div class=\"elementor-widget-container\">\n\t\t\t\t\t\t\t\t\t<div class=\"elementor-button-wrapper\">\n\t\t\t\t\t<a class=\"elementor-button elementor-button-link elementor-size-sm\" href=\"https:\/\/airtable.com\/appsg61HKoVMD180H\/shrHcN43DjtVbgMsv\">\n\t\t\t\t\t\t<span class=\"elementor-button-content-wrapper\">\n\t\t\t\t\t\t\t\t\t<span class=\"elementor-button-text\">Forme parte del p\u00fablico<\/span>\n\t\t\t\t\t<\/span>\n\t\t\t\t\t<\/a>\n\t\t\t\t<\/div>\n\t\t\t\t\t\t\t\t<\/div>\n\t\t\t\t<\/div>\n\t\t\t\t<div class=\"elementor-element elementor-element-1e8c0b0 elementor-absolute elementor-hidden-mobile elementor-widget elementor-widget-image\" data-id=\"1e8c0b0\" data-element_type=\"widget\" data-e-type=\"widget\" data-settings=\"{&quot;_position&quot;:&quot;absolute&quot;,&quot;motion_fx_motion_fx_scrolling&quot;:&quot;yes&quot;,&quot;motion_fx_translateY_effect&quot;:&quot;yes&quot;,&quot;motion_fx_translateY_affectedRange&quot;:{&quot;unit&quot;:&quot;%&quot;,&quot;size&quot;:&quot;&quot;,&quot;sizes&quot;:{&quot;start&quot;:2,&quot;end&quot;:60}},&quot;motion_fx_translateY_speed&quot;:{&quot;unit&quot;:&quot;px&quot;,&quot;size&quot;:4,&quot;sizes&quot;:[]},&quot;motion_fx_devices&quot;:[&quot;desktop&quot;,&quot;tablet&quot;,&quot;mobile&quot;]}\" data-widget_type=\"image.default\">\n\t\t\t\t<div class=\"elementor-widget-container\">\n\t\t\t\t\t\t\t\t\t\t\t\t\t\t\t<img decoding=\"async\" src=\"https:\/\/tedxamazonia.com\/wp-content\/uploads\/elementor\/thumbs\/Vector-X-rbvhft095b73wva69n11f1nacmwhn18s6zu14py6h2.png\" title=\"Vector X\" alt=\"Vector X\" loading=\"lazy\" \/>\t\t\t\t\t\t\t\t\t\t\t\t\t\t\t<\/div>\n\t\t\t\t<\/div>\n\t\t\t\t<\/div>\n\t\t<div class=\"elementor-element elementor-element-6749796 e-con-full e-flex e-con e-child\" data-id=\"6749796\" data-element_type=\"container\" data-e-type=\"container\">\n\t\t<div class=\"elementor-element elementor-element-c9779ca e-con-full e-flex e-con e-child\" data-id=\"c9779ca\" data-element_type=\"container\" data-e-type=\"container\">\n\t\t\t\t<div class=\"elementor-element elementor-element-1c1cd8e elementor-widget__width-initial elementor-widget elementor-widget-heading\" data-id=\"1c1cd8e\" data-element_type=\"widget\" data-e-type=\"widget\" data-widget_type=\"heading.default\">\n\t\t\t\t<div class=\"elementor-widget-container\">\n\t\t\t\t\t<h2 class=\"elementor-heading-title elementor-size-default\">TEDxAmazon<\/h2>\t\t\t\t<\/div>\n\t\t\t\t<\/div>\n\t\t\t\t<div class=\"elementor-element elementor-element-2713925 elementor-widget__width-initial elementor-widget elementor-widget-text-editor\" data-id=\"2713925\" data-element_type=\"widget\" data-e-type=\"widget\" data-widget_type=\"text-editor.default\">\n\t\t\t\t<div class=\"elementor-widget-container\">\n\t\t\t\t\t\t\t\t\t<p>La Amazon\u00eda es un territorio que organiza el clima, sostiene modos de vida milenarios, impulsa descubrimientos cient\u00edficos y pone en jaque modelos econ\u00f3micos que ya no responden a nuestro tiempo. Es un espacio donde naturaleza, cultura y conocimiento caminan juntos, y donde el debate sobre el futuro deja de ser abstracto. <\/p>\t\t\t\t\t\t\t\t<\/div>\n\t\t\t\t<\/div>\n\t\t\t\t<\/div>\n\t\t\t\t<\/div>\n\t\t\t\t\t<\/div>\n\t\t\t\t<\/div>\n\t\t<div class=\"elementor-element elementor-element-dc6ea88 e-flex e-con-boxed e-con e-parent\" data-id=\"dc6ea88\" data-element_type=\"container\" data-e-type=\"container\">\n\t\t\t\t\t<div class=\"e-con-inner\">\n\t\t<div class=\"elementor-element elementor-element-3107c4e e-con-full e-flex e-con e-child\" data-id=\"3107c4e\" data-element_type=\"container\" data-e-type=\"container\" data-settings=\"{&quot;background_background&quot;:&quot;classic&quot;}\">\n\t\t\t\t<div class=\"elementor-element elementor-element-925128f elementor-widget__width-initial elementor-widget-divider--view-line elementor-widget elementor-widget-divider\" data-id=\"925128f\" data-element_type=\"widget\" data-e-type=\"widget\" data-widget_type=\"divider.default\">\n\t\t\t\t<div class=\"elementor-widget-container\">\n\t\t\t\t\t\t\t<div class=\"elementor-divider\">\n\t\t\t<span class=\"elementor-divider-separator\">\n\t\t\t\t\t\t<\/span>\n\t\t<\/div>\n\t\t\t\t\t\t<\/div>\n\t\t\t\t<\/div>\n\t\t\t\t<div class=\"elementor-element elementor-element-01c4569 elementor-widget-mobile__width-inherit elementor-widget elementor-widget-text-editor\" data-id=\"01c4569\" data-element_type=\"widget\" data-e-type=\"widget\" data-widget_type=\"text-editor.default\">\n\t\t\t\t<div class=\"elementor-widget-container\">\n\t\t\t\t\t\t\t\t\t<p><span style=\"font-weight: bold;\"><span style=\"color: #eb0028;\">TEDxAmaz\u00f4nia nace del compromiso de escuchar este territorio con profundidad. <\/span><\/span> Somos el \u00fanico TEDx dedicado a un bioma porque entendemos que la Amazon\u00eda es un punto de partida. Las conversaciones que surgen aqu\u00ed atraviesan fronteras, conectan saberes y acercan lo local a lo global. <\/p>\t\t\t\t\t\t\t\t<\/div>\n\t\t\t\t<\/div>\n\t\t\t\t<div class=\"elementor-element elementor-element-146187e elementor-widget elementor-widget-text-editor\" data-id=\"146187e\" data-element_type=\"widget\" data-e-type=\"widget\" data-widget_type=\"text-editor.default\">\n\t\t\t\t<div class=\"elementor-widget-container\">\n\t\t\t\t\t\t\t\t\t<p>Construimos cada edici\u00f3n junto a quienes viven la regi\u00f3n en su complejidad: investigadores, l\u00edderes ind\u00edgenas, emprendedores, artistas, ribere\u00f1os, j\u00f3venes de las periferias amaz\u00f3nicas. Son voces que piensan el desarrollo, la innovaci\u00f3n y la justicia clim\u00e1tica desde la experiencia concreta. <\/p><p>Queremos voces que act\u00faen en las intersecciones: ciencia, saber ind\u00edgena, econom\u00eda, arte. Personas dispuestas a enfrentar preguntas esenciales: \u00bfes posible prosperar manteniendo los equilibrios que nos sustentan? \u00bfConseguimos actuar con la urgencia necesaria?  <\/p>\t\t\t\t\t\t\t\t<\/div>\n\t\t\t\t<\/div>\n\t\t<div class=\"elementor-element elementor-element-df33e1d e-con-full e-flex e-con e-child\" data-id=\"df33e1d\" data-element_type=\"container\" data-e-type=\"container\">\n\t\t<div class=\"elementor-element elementor-element-8be0a9e e-con-full e-flex e-con e-child\" data-id=\"8be0a9e\" data-element_type=\"container\" data-e-type=\"container\" data-settings=\"{&quot;background_background&quot;:&quot;gradient&quot;,&quot;motion_fx_motion_fx_scrolling&quot;:&quot;yes&quot;,&quot;motion_fx_devices&quot;:[&quot;desktop&quot;]}\">\n\t\t\t\t<div class=\"elementor-element elementor-element-3a3d67b elementor-widget__width-initial elementor-widget-mobile__width-inherit elementor-widget elementor-widget-heading\" data-id=\"3a3d67b\" data-element_type=\"widget\" data-e-type=\"widget\" data-widget_type=\"heading.default\">\n\t\t\t\t<div class=\"elementor-widget-container\">\n\t\t\t\t\t<h2 class=\"elementor-heading-title elementor-size-default\">Creemos que los grandes desaf\u00edos de nuestro tiempo exigen una escucha cualificada y una responsabilidad compartida. Fortalecer las muchas Amazon\u00edas es fortalecer tambi\u00e9n las posibilidades de futuro. <\/h2>\t\t\t\t<\/div>\n\t\t\t\t<\/div>\n\t\t\t\t<\/div>\n\t\t<div class=\"elementor-element elementor-element-f95d337 e-con-full e-flex e-con e-child\" data-id=\"f95d337\" data-element_type=\"container\" data-e-type=\"container\" data-settings=\"{&quot;background_background&quot;:&quot;classic&quot;,&quot;motion_fx_motion_fx_scrolling&quot;:&quot;yes&quot;,&quot;motion_fx_translateY_effect&quot;:&quot;yes&quot;,&quot;motion_fx_devices&quot;:[&quot;desktop&quot;],&quot;motion_fx_translateY_speed&quot;:{&quot;unit&quot;:&quot;px&quot;,&quot;size&quot;:2,&quot;sizes&quot;:[]},&quot;motion_fx_translateY_affectedRange&quot;:{&quot;unit&quot;:&quot;%&quot;,&quot;size&quot;:&quot;&quot;,&quot;sizes&quot;:{&quot;start&quot;:0,&quot;end&quot;:100}}}\">\n\t\t\t\t<\/div>\n\t\t\t\t<\/div>\n\t\t\t\t<div class=\"elementor-element elementor-element-724923c elementor-widget__width-initial elementor-widget-mobile__width-inherit elementor-widget elementor-widget-text-editor\" data-id=\"724923c\" data-element_type=\"widget\" data-e-type=\"widget\" data-widget_type=\"text-editor.default\">\n\t\t\t\t<div class=\"elementor-widget-container\">\n\t\t\t\t\t\t\t\t\t<p>Cada edici\u00f3n de TEDxAmaz\u00f4nia es un espacio para ampliar repertorios, profundizar di\u00e1logos y transformar la reflexi\u00f3n en acci\u00f3n consistente. As\u00ed es como las ideas echan ra\u00edces y se convierten en movimiento. <\/p>\t\t\t\t\t\t\t\t<\/div>\n\t\t\t\t<\/div>\n\t\t\t\t<\/div>\n\t\t\t\t\t<\/div>\n\t\t\t\t<\/div>\n\t\t\t\t<\/div>\n\t\t","protected":false},"excerpt":{"rendered":"<p>Donde todo conecta Ba\u00f1os y Puyo, Ecuador 27 &#8211; 30 de agosto de 2026 Ecuador 2026 Forme parte del p\u00fablico TEDxAmazon La Amazon\u00eda es un territorio que organiza el clima, sostiene modos de vida milenarios, impulsa descubrimientos cient\u00edficos y pone en jaque modelos econ\u00f3micos que ya no responden a nuestro tiempo. Es un espacio donde [&hellip;]<\/p>\n","protected":false},"author":4,"featured_media":0,"parent":0,"menu_order":0,"comment_status":"closed","ping_status":"closed","template":"","meta":{"_acf_changed":false,"footnotes":""},"class_list":["post-6416","page","type-page","status-publish","hentry"],"acf":[],"yoast_head":"<!-- This site is optimized with the Yoast SEO plugin v27.2 - https:\/\/yoast.com\/product\/yoast-seo-wordpress\/ -->\n<title>Inicio 2026 - TEDxAmaz\u00f4nia<\/title>\n<meta name=\"robots\" content=\"index, follow, max-snippet:-1, max-image-preview:large, max-video-preview:-1\" \/>\n<link rel=\"canonical\" href=\"https:\/\/tedxamazonia.com\/es\/\" \/>\n<meta property=\"og:locale\" content=\"es_ES\" \/>\n<meta property=\"og:type\" content=\"article\" \/>\n<meta property=\"og:title\" content=\"Inicio 2026 - TEDxAmaz\u00f4nia\" \/>\n<meta property=\"og:description\" content=\"Donde todo conecta Ba\u00f1os y Puyo, Ecuador 27 &#8211; 30 de agosto de 2026 Ecuador 2026 Forme parte del p\u00fablico TEDxAmazon La Amazon\u00eda es un territorio que organiza el clima, sostiene modos de vida milenarios, impulsa descubrimientos cient\u00edficos y pone en jaque modelos econ\u00f3micos que ya no responden a nuestro tiempo. Es un espacio donde [&hellip;]\" \/>\n<meta property=\"og:url\" content=\"https:\/\/tedxamazonia.com\/es\/\" \/>\n<meta property=\"og:site_name\" content=\"TEDxAmaz\u00f4nia\" \/>\n<meta property=\"article:modified_time\" content=\"2026-03-30T11:50:16+00:00\" \/>\n<meta property=\"og:image\" content=\"https:\/\/tedxamazonia.com\/wp-content\/uploads\/2026\/03\/logo-tedx-amazonia.png\" \/>\n\t<meta property=\"og:image:width\" content=\"300\" \/>\n\t<meta property=\"og:image:height\" content=\"34\" \/>\n\t<meta property=\"og:image:type\" content=\"image\/png\" \/>\n<meta name=\"twitter:card\" content=\"summary_large_image\" \/>\n<meta name=\"twitter:label1\" content=\"Tiempo de lectura\" \/>\n\t<meta name=\"twitter:data1\" content=\"1 minuto\" \/>\n<script type=\"application\/ld+json\" class=\"yoast-schema-graph\">{\"@context\":\"https:\/\/schema.org\",\"@graph\":[{\"@type\":\"WebPage\",\"@id\":\"https:\/\/tedxamazonia.com\/es\/\",\"url\":\"https:\/\/tedxamazonia.com\/es\/\",\"name\":\"Inicio 2026 - TEDxAmaz\u00f4nia\",\"isPartOf\":{\"@id\":\"https:\/\/tedxamazonia.com\/es\/#website\"},\"primaryImageOfPage\":{\"@id\":\"https:\/\/tedxamazonia.com\/es\/#primaryimage\"},\"image\":{\"@id\":\"https:\/\/tedxamazonia.com\/es\/#primaryimage\"},\"thumbnailUrl\":\"https:\/\/tedxamazonia.com\/wp-content\/uploads\/2026\/03\/logo-tedx-amazonia.png\",\"datePublished\":\"2026-03-05T01:35:26+00:00\",\"dateModified\":\"2026-03-30T11:50:16+00:00\",\"breadcrumb\":{\"@id\":\"https:\/\/tedxamazonia.com\/es\/#breadcrumb\"},\"inLanguage\":\"es\",\"potentialAction\":[{\"@type\":\"ReadAction\",\"target\":[\"https:\/\/tedxamazonia.com\/es\/\"]}]},{\"@type\":\"ImageObject\",\"inLanguage\":\"es\",\"@id\":\"https:\/\/tedxamazonia.com\/es\/#primaryimage\",\"url\":\"https:\/\/tedxamazonia.com\/wp-content\/uploads\/2026\/03\/logo-tedx-amazonia.png\",\"contentUrl\":\"https:\/\/tedxamazonia.com\/wp-content\/uploads\/2026\/03\/logo-tedx-amazonia.png\"},{\"@type\":\"BreadcrumbList\",\"@id\":\"https:\/\/tedxamazonia.com\/es\/#breadcrumb\",\"itemListElement\":[{\"@type\":\"ListItem\",\"position\":1,\"name\":\"Home\",\"item\":\"https:\/\/tedxamazonia.com\/es\/\"},{\"@type\":\"ListItem\",\"position\":2,\"name\":\"Inicio 2026\"}]},{\"@type\":\"WebSite\",\"@id\":\"https:\/\/tedxamazonia.com\/es\/#website\",\"url\":\"https:\/\/tedxamazonia.com\/es\/\",\"name\":\"TEDxAmaz\u00f4nia\",\"description\":\"TEDxAmaz\u00f4nia 2025\",\"publisher\":{\"@id\":\"https:\/\/tedxamazonia.com\/es\/#organization\"},\"potentialAction\":[{\"@type\":\"SearchAction\",\"target\":{\"@type\":\"EntryPoint\",\"urlTemplate\":\"https:\/\/tedxamazonia.com\/es\/?s={search_term_string}\"},\"query-input\":{\"@type\":\"PropertyValueSpecification\",\"valueRequired\":true,\"valueName\":\"search_term_string\"}}],\"inLanguage\":\"es\"},{\"@type\":\"Organization\",\"@id\":\"https:\/\/tedxamazonia.com\/es\/#organization\",\"name\":\"TEDxAmaz\u00f4nia\",\"url\":\"https:\/\/tedxamazonia.com\/es\/\",\"logo\":{\"@type\":\"ImageObject\",\"inLanguage\":\"es\",\"@id\":\"https:\/\/tedxamazonia.com\/es\/#\/schema\/logo\/image\/\",\"url\":\"https:\/\/tedxamazonia.com\/wp-content\/uploads\/2024\/07\/favicon.png\",\"contentUrl\":\"https:\/\/tedxamazonia.com\/wp-content\/uploads\/2024\/07\/favicon.png\",\"width\":234,\"height\":232,\"caption\":\"TEDxAmaz\u00f4nia\"},\"image\":{\"@id\":\"https:\/\/tedxamazonia.com\/es\/#\/schema\/logo\/image\/\"}}]}<\/script>\n<!-- \/ Yoast SEO plugin. -->","yoast_head_json":{"title":"Inicio 2026 - TEDxAmaz\u00f4nia","robots":{"index":"index","follow":"follow","max-snippet":"max-snippet:-1","max-image-preview":"max-image-preview:large","max-video-preview":"max-video-preview:-1"},"canonical":"https:\/\/tedxamazonia.com\/es\/","og_locale":"es_ES","og_type":"article","og_title":"Inicio 2026 - TEDxAmaz\u00f4nia","og_description":"Donde todo conecta Ba\u00f1os y Puyo, Ecuador 27 &#8211; 30 de agosto de 2026 Ecuador 2026 Forme parte del p\u00fablico TEDxAmazon La Amazon\u00eda es un territorio que organiza el clima, sostiene modos de vida milenarios, impulsa descubrimientos cient\u00edficos y pone en jaque modelos econ\u00f3micos que ya no responden a nuestro tiempo. Es un espacio donde [&hellip;]","og_url":"https:\/\/tedxamazonia.com\/es\/","og_site_name":"TEDxAmaz\u00f4nia","article_modified_time":"2026-03-30T11:50:16+00:00","og_image":[{"width":300,"height":34,"url":"https:\/\/tedxamazonia.com\/wp-content\/uploads\/2026\/03\/logo-tedx-amazonia.png","type":"image\/png"}],"twitter_card":"summary_large_image","twitter_misc":{"Tiempo de lectura":"1 minuto"},"schema":{"@context":"https:\/\/schema.org","@graph":[{"@type":"WebPage","@id":"https:\/\/tedxamazonia.com\/es\/","url":"https:\/\/tedxamazonia.com\/es\/","name":"Inicio 2026 - TEDxAmaz\u00f4nia","isPartOf":{"@id":"https:\/\/tedxamazonia.com\/es\/#website"},"primaryImageOfPage":{"@id":"https:\/\/tedxamazonia.com\/es\/#primaryimage"},"image":{"@id":"https:\/\/tedxamazonia.com\/es\/#primaryimage"},"thumbnailUrl":"https:\/\/tedxamazonia.com\/wp-content\/uploads\/2026\/03\/logo-tedx-amazonia.png","datePublished":"2026-03-05T01:35:26+00:00","dateModified":"2026-03-30T11:50:16+00:00","breadcrumb":{"@id":"https:\/\/tedxamazonia.com\/es\/#breadcrumb"},"inLanguage":"es","potentialAction":[{"@type":"ReadAction","target":["https:\/\/tedxamazonia.com\/es\/"]}]},{"@type":"ImageObject","inLanguage":"es","@id":"https:\/\/tedxamazonia.com\/es\/#primaryimage","url":"https:\/\/tedxamazonia.com\/wp-content\/uploads\/2026\/03\/logo-tedx-amazonia.png","contentUrl":"https:\/\/tedxamazonia.com\/wp-content\/uploads\/2026\/03\/logo-tedx-amazonia.png"},{"@type":"BreadcrumbList","@id":"https:\/\/tedxamazonia.com\/es\/#breadcrumb","itemListElement":[{"@type":"ListItem","position":1,"name":"Home","item":"https:\/\/tedxamazonia.com\/es\/"},{"@type":"ListItem","position":2,"name":"Inicio 2026"}]},{"@type":"WebSite","@id":"https:\/\/tedxamazonia.com\/es\/#website","url":"https:\/\/tedxamazonia.com\/es\/","name":"TEDxAmaz\u00f4nia","description":"TEDxAmaz\u00f4nia 2025","publisher":{"@id":"https:\/\/tedxamazonia.com\/es\/#organization"},"potentialAction":[{"@type":"SearchAction","target":{"@type":"EntryPoint","urlTemplate":"https:\/\/tedxamazonia.com\/es\/?s={search_term_string}"},"query-input":{"@type":"PropertyValueSpecification","valueRequired":true,"valueName":"search_term_string"}}],"inLanguage":"es"},{"@type":"Organization","@id":"https:\/\/tedxamazonia.com\/es\/#organization","name":"TEDxAmaz\u00f4nia","url":"https:\/\/tedxamazonia.com\/es\/","logo":{"@type":"ImageObject","inLanguage":"es","@id":"https:\/\/tedxamazonia.com\/es\/#\/schema\/logo\/image\/","url":"https:\/\/tedxamazonia.com\/wp-content\/uploads\/2024\/07\/favicon.png","contentUrl":"https:\/\/tedxamazonia.com\/wp-content\/uploads\/2024\/07\/favicon.png","width":234,"height":232,"caption":"TEDxAmaz\u00f4nia"},"image":{"@id":"https:\/\/tedxamazonia.com\/es\/#\/schema\/logo\/image\/"}}]}},"_links":{"self":[{"href":"https:\/\/tedxamazonia.com\/es\/wp-json\/wp\/v2\/pages\/6416","targetHints":{"allow":["GET"]}}],"collection":[{"href":"https:\/\/tedxamazonia.com\/es\/wp-json\/wp\/v2\/pages"}],"about":[{"href":"https:\/\/tedxamazonia.com\/es\/wp-json\/wp\/v2\/types\/page"}],"author":[{"embeddable":true,"href":"https:\/\/tedxamazonia.com\/es\/wp-json\/wp\/v2\/users\/4"}],"replies":[{"embeddable":true,"href":"https:\/\/tedxamazonia.com\/es\/wp-json\/wp\/v2\/comments?post=6416"}],"version-history":[{"count":33,"href":"https:\/\/tedxamazonia.com\/es\/wp-json\/wp\/v2\/pages\/6416\/revisions"}],"predecessor-version":[{"id":7122,"href":"https:\/\/tedxamazonia.com\/es\/wp-json\/wp\/v2\/pages\/6416\/revisions\/7122"}],"wp:attachment":[{"href":"https:\/\/tedxamazonia.com\/es\/wp-json\/wp\/v2\/media?parent=6416"}],"curies":[{"name":"wp","href":"https:\/\/api.w.org\/{rel}","templated":true}]}}