{"id":6318,"date":"2026-03-03T20:31:20","date_gmt":"2026-03-04T00:31:20","guid":{"rendered":"https:\/\/tedxamazonia.com\/where-everything-connects\/"},"modified":"2026-04-10T23:06:07","modified_gmt":"2026-04-11T03:06:07","slug":"where-everything-connects","status":"publish","type":"page","link":"https:\/\/tedxamazonia.com\/en\/where-everything-connects\/","title":{"rendered":"Where everything connects"},"content":{"rendered":"\t\t<div data-elementor-type=\"wp-page\" data-elementor-id=\"6318\" class=\"elementor elementor-6318 elementor-6236\" data-elementor-post-type=\"page\">\n\t\t\t\t<div class=\"elementor-element elementor-element-55b0edb e-flex e-con-boxed elementor-invisible e-con e-parent\" data-id=\"55b0edb\" data-element_type=\"container\" data-e-type=\"container\" data-settings=\"{&quot;background_background&quot;:&quot;classic&quot;,&quot;animation&quot;:&quot;fadeIn&quot;}\">\n\t\t\t\t\t<div class=\"e-con-inner\">\n\t\t<div class=\"elementor-element elementor-element-758a90d e-con-full e-flex e-con e-child\" data-id=\"758a90d\" data-element_type=\"container\" data-e-type=\"container\">\n\t\t\t\t<div class=\"elementor-element elementor-element-2a37d99 elementor-invisible elementor-widget elementor-widget-heading\" data-id=\"2a37d99\" data-element_type=\"widget\" data-e-type=\"widget\" data-settings=\"{&quot;_animation&quot;:&quot;fadeInDown&quot;,&quot;_animation_delay&quot;:200}\" data-widget_type=\"heading.default\">\n\t\t\t\t<div class=\"elementor-widget-container\">\n\t\t\t\t\t<h2 class=\"elementor-heading-title elementor-size-default\">TEDxAmaz\u00f4nia 2026<\/h2>\t\t\t\t<\/div>\n\t\t\t\t<\/div>\n\t\t\t\t<div class=\"elementor-element elementor-element-a466e4c elementor-invisible elementor-widget elementor-widget-heading\" data-id=\"a466e4c\" data-element_type=\"widget\" data-e-type=\"widget\" data-settings=\"{&quot;_animation&quot;:&quot;fadeInDown&quot;,&quot;_animation_delay&quot;:400}\" data-widget_type=\"heading.default\">\n\t\t\t\t<div class=\"elementor-widget-container\">\n\t\t\t\t\t<h2 class=\"elementor-heading-title elementor-size-default\">Where everything\nconnects<\/h2>\t\t\t\t<\/div>\n\t\t\t\t<\/div>\n\t\t\t\t<\/div>\n\t\t\t\t\t<\/div>\n\t\t\t\t<\/div>\n\t\t<div class=\"elementor-element elementor-element-75f2ffd e-flex e-con-boxed e-con e-parent\" data-id=\"75f2ffd\" data-element_type=\"container\" data-e-type=\"container\" data-settings=\"{&quot;background_background&quot;:&quot;classic&quot;,&quot;background_motion_fx_motion_fx_scrolling&quot;:&quot;yes&quot;,&quot;background_motion_fx_devices&quot;:[&quot;desktop&quot;,&quot;tablet&quot;,&quot;mobile&quot;]}\">\n\t\t\t\t\t<div class=\"e-con-inner\">\n\t\t\t\t<div class=\"elementor-element elementor-element-84faaf3 elementor-widget__width-initial elementor-widget elementor-widget-heading\" data-id=\"84faaf3\" data-element_type=\"widget\" data-e-type=\"widget\" data-widget_type=\"heading.default\">\n\t\t\t\t<div class=\"elementor-widget-container\">\n\t\t\t\t\t<h2 class=\"elementor-heading-title elementor-size-default\">Previous editions of<br> TEDxAmaz\u00f4nia brought together voices,<\/h2>\t\t\t\t<\/div>\n\t\t\t\t<\/div>\n\t\t\t\t<div class=\"elementor-element elementor-element-f762ecd elementor-widget__width-initial elementor-widget-mobile__width-inherit elementor-widget elementor-widget-text-editor\" data-id=\"f762ecd\" data-element_type=\"widget\" data-e-type=\"widget\" data-widget_type=\"text-editor.default\">\n\t\t\t\t<div class=\"elementor-widget-container\">\n\t\t\t\t\t\t\t\t\t<p>reconnected ancestries and began to reclaim possible futures.<\/p><p>In 2026, this movement crosses borders. For the first time, TEDxAmaz\u00f4nia goes beyond Brazil and arrives in Ecuador, in partnership with TEDxQuito\u2014an unprecedented gesture within the global TEDx network. It is the Amazon recognizing itself as a shared territory: bringing together voices from different countries in the Amazon Basin in an immersive experience where science, culture, innovation, and traditional knowledge intertwine.  <\/p><p><strong>Ecuador then opens a new chapter: looking at the living system as a whole.<\/strong><\/p>\t\t\t\t\t\t\t\t<\/div>\n\t\t\t\t<\/div>\n\t\t\t\t<div class=\"elementor-element elementor-element-52aa7f8 elementor-mobile-align-center elementor-align-left elementor-widget elementor-widget-button\" data-id=\"52aa7f8\" data-element_type=\"widget\" data-e-type=\"widget\" data-widget_type=\"button.default\">\n\t\t\t\t<div class=\"elementor-widget-container\">\n\t\t\t\t\t\t\t\t\t<div class=\"elementor-button-wrapper\">\n\t\t\t\t\t<a class=\"elementor-button elementor-button-link elementor-size-sm\" href=\"https:\/\/airtable.com\/appsg61HKoVMD180H\/shrHcN43DjtVbgMsv\">\n\t\t\t\t\t\t<span class=\"elementor-button-content-wrapper\">\n\t\t\t\t\t\t\t\t\t<span class=\"elementor-button-text\">Join the audience<\/span>\n\t\t\t\t\t<\/span>\n\t\t\t\t\t<\/a>\n\t\t\t\t<\/div>\n\t\t\t\t\t\t\t\t<\/div>\n\t\t\t\t<\/div>\n\t\t\t\t\t<\/div>\n\t\t\t\t<\/div>\n\t\t<div class=\"elementor-element elementor-element-9bb37c8 e-flex e-con-boxed e-con e-parent\" data-id=\"9bb37c8\" data-element_type=\"container\" data-e-type=\"container\" data-settings=\"{&quot;background_background&quot;:&quot;classic&quot;}\">\n\t\t\t\t\t<div class=\"e-con-inner\">\n\t\t\t\t<div class=\"elementor-element elementor-element-de4320c elementor-widget-divider--view-line elementor-invisible elementor-widget elementor-widget-divider\" data-id=\"de4320c\" data-element_type=\"widget\" data-e-type=\"widget\" data-settings=\"{&quot;_animation&quot;:&quot;zoomIn&quot;,&quot;motion_fx_motion_fx_scrolling&quot;:&quot;yes&quot;,&quot;motion_fx_devices&quot;:[&quot;desktop&quot;,&quot;tablet&quot;,&quot;mobile&quot;]}\" data-widget_type=\"divider.default\">\n\t\t\t\t<div class=\"elementor-widget-container\">\n\t\t\t\t\t\t\t<div class=\"elementor-divider\">\n\t\t\t<span class=\"elementor-divider-separator\">\n\t\t\t\t\t\t<\/span>\n\t\t<\/div>\n\t\t\t\t\t\t<\/div>\n\t\t\t\t<\/div>\n\t\t\t\t<div class=\"elementor-element elementor-element-5c5be54 elementor-widget elementor-widget-text-editor\" data-id=\"5c5be54\" data-element_type=\"widget\" data-e-type=\"widget\" data-widget_type=\"text-editor.default\">\n\t\t\t\t<div class=\"elementor-widget-container\">\n\t\t\t\t\t\t\t\t\t<p>The flying rivers show this clearly: currents of vapor that distribute rain across the continent, sustaining life cycles on a continental scale. Deforestation affects rainfall patterns. Economic decisions reverberate through ecosystems. When cultures are erased, knowledge systems are also lost.   <\/p><p>Today, these flows are under pressure. Parts of the Amazon already emit more carbon than they absorb. Rivers reach historic lows. The crisis reveals the interdependence we have ignored for so long.   <\/p>\t\t\t\t\t\t\t\t<\/div>\n\t\t\t\t<\/div>\n\t\t\t\t<div class=\"elementor-element elementor-element-f1599ce elementor-widget__width-initial elementor-widget-divider--view-line elementor-widget elementor-widget-divider\" data-id=\"f1599ce\" data-element_type=\"widget\" data-e-type=\"widget\" data-widget_type=\"divider.default\">\n\t\t\t\t<div class=\"elementor-widget-container\">\n\t\t\t\t\t\t\t<div class=\"elementor-divider\">\n\t\t\t<span class=\"elementor-divider-separator\">\n\t\t\t\t\t\t<\/span>\n\t\t<\/div>\n\t\t\t\t\t\t<\/div>\n\t\t\t\t<\/div>\n\t\t\t\t<div class=\"elementor-element elementor-element-27e34ce elementor-widget-mobile__width-inherit elementor-widget elementor-widget-text-editor\" data-id=\"27e34ce\" data-element_type=\"widget\" data-e-type=\"widget\" data-widget_type=\"text-editor.default\">\n\t\t\t\t<div class=\"elementor-widget-container\">\n\t\t\t\t\t\t\t\t\t<p><span style=\"font-weight: bold;\"><span style=\"color: #eb0028;\">Therefore, this edition asks:<br><\/span><\/span>how can we live interdependence in practice? How can we build economies that operate with living systems? How can we turn regeneration into concrete action?  <\/p>\t\t\t\t\t\t\t\t<\/div>\n\t\t\t\t<\/div>\n\t\t\t\t<div class=\"elementor-element elementor-element-aa4ca64 elementor-widget elementor-widget-text-editor\" data-id=\"aa4ca64\" data-element_type=\"widget\" data-e-type=\"widget\" data-widget_type=\"text-editor.default\">\n\t\t\t\t<div class=\"elementor-widget-container\">\n\t\t\t\t\t\t\t\t\t<p>We seek voices that work at the intersections\u2014science, indigenous knowledge, economics, art. People willing to confront essential questions: is it possible to thrive while maintaining the balances that sustain us? Can we act with the necessary urgency?  <\/p><p> <\/p><p><strong style=\"color: #eb0028;\">TEDxAmaz\u00f4nia 2026<\/strong> is an invitation to face what interdependence demands of us\u2014with responsibility, imagination, and collective action.<\/p>\t\t\t\t\t\t\t\t<\/div>\n\t\t\t\t<\/div>\n\t\t<div class=\"elementor-element elementor-element-25c088e e-con-full e-grid e-con e-child\" data-id=\"25c088e\" data-element_type=\"container\" data-e-type=\"container\">\n\t\t\t\t<div class=\"elementor-element elementor-element-53c04be elementor-mobile-align-center elementor-widget elementor-widget-button\" data-id=\"53c04be\" data-element_type=\"widget\" data-e-type=\"widget\" data-widget_type=\"button.default\">\n\t\t\t\t<div class=\"elementor-widget-container\">\n\t\t\t\t\t\t\t\t\t<div class=\"elementor-button-wrapper\">\n\t\t\t\t\t<a class=\"elementor-button elementor-button-link elementor-size-sm\" href=\"https:\/\/tedxamazonia.com\/en\/contact-2\/\">\n\t\t\t\t\t\t<span class=\"elementor-button-content-wrapper\">\n\t\t\t\t\t\t\t\t\t<span class=\"elementor-button-text\">I want to support<\/span>\n\t\t\t\t\t<\/span>\n\t\t\t\t\t<\/a>\n\t\t\t\t<\/div>\n\t\t\t\t\t\t\t\t<\/div>\n\t\t\t\t<\/div>\n\t\t\t\t<\/div>\n\t\t\t\t\t<\/div>\n\t\t\t\t<\/div>\n\t\t<div class=\"elementor-element elementor-element-c373281 e-flex e-con-boxed e-con e-parent\" data-id=\"c373281\" data-element_type=\"container\" data-e-type=\"container\" data-settings=\"{&quot;background_background&quot;:&quot;classic&quot;}\">\n\t\t\t\t\t<div class=\"e-con-inner\">\n\t\t<div class=\"elementor-element elementor-element-4a54cab e-con-full e-flex e-con e-child\" data-id=\"4a54cab\" data-element_type=\"container\" data-e-type=\"container\">\n\t\t\t\t<div class=\"elementor-element elementor-element-986ca57 elementor-widget__width-initial elementor-widget-mobile__width-inherit elementor-widget elementor-widget-text-editor\" data-id=\"986ca57\" data-element_type=\"widget\" data-e-type=\"widget\" data-widget_type=\"text-editor.default\">\n\t\t\t\t<div class=\"elementor-widget-container\">\n\t\t\t\t\t\t\t\t\t<p>Information about audience registration.<\/p>\t\t\t\t\t\t\t\t<\/div>\n\t\t\t\t<\/div>\n\t\t\t\t<div class=\"elementor-element elementor-element-b29a999 elementor-widget__width-initial elementor-widget-mobile__width-inherit elementor-widget elementor-widget-text-editor\" data-id=\"b29a999\" data-element_type=\"widget\" data-e-type=\"widget\" data-widget_type=\"text-editor.default\">\n\t\t\t\t<div class=\"elementor-widget-container\">\n\t\t\t\t\t\t\t\t\t<p>The process will be conducted in two stages:<\/p><p><strong>March 24 to April 7<\/strong> \u2014 Pre-registration.<br><strong>Starting April 20<\/strong> \u2014 Announcement of pre-selected individuals and official registration<\/p><p>Updates will be communicated through our official channels and via the email provided at the time of pre-registration.<\/p>\t\t\t\t\t\t\t\t<\/div>\n\t\t\t\t<\/div>\n\t\t\t\t<div class=\"elementor-element elementor-element-a4e32d8 elementor-mobile-align-center elementor-align-left elementor-widget elementor-widget-button\" data-id=\"a4e32d8\" data-element_type=\"widget\" data-e-type=\"widget\" data-widget_type=\"button.default\">\n\t\t\t\t<div class=\"elementor-widget-container\">\n\t\t\t\t\t\t\t\t\t<div class=\"elementor-button-wrapper\">\n\t\t\t\t\t<a class=\"elementor-button elementor-button-link elementor-size-sm\" href=\"https:\/\/airtable.com\/appsg61HKoVMD180H\/shrHcN43DjtVbgMsv\">\n\t\t\t\t\t\t<span class=\"elementor-button-content-wrapper\">\n\t\t\t\t\t\t\t\t\t<span class=\"elementor-button-text\">Join the audience<\/span>\n\t\t\t\t\t<\/span>\n\t\t\t\t\t<\/a>\n\t\t\t\t<\/div>\n\t\t\t\t\t\t\t\t<\/div>\n\t\t\t\t<\/div>\n\t\t\t\t<\/div>\n\t\t\t\t\t<\/div>\n\t\t\t\t<\/div>\n\t\t\t\t<\/div>\n\t\t","protected":false},"excerpt":{"rendered":"<p>TEDxAmaz\u00f4nia 2026 Where everything connects Previous editions of TEDxAmaz\u00f4nia brought together voices, reconnected ancestries and began to reclaim possible futures. In 2026, this movement crosses borders. For the first time, TEDxAmaz\u00f4nia goes beyond Brazil and arrives in Ecuador, in partnership with TEDxQuito\u2014an unprecedented gesture within the global TEDx network. It is the Amazon recognizing itself [&hellip;]<\/p>\n","protected":false},"author":4,"featured_media":0,"parent":0,"menu_order":0,"comment_status":"closed","ping_status":"closed","template":"","meta":{"_acf_changed":false,"footnotes":""},"class_list":["post-6318","page","type-page","status-publish","hentry"],"acf":[],"yoast_head":"<!-- This site is optimized with the Yoast SEO plugin v27.2 - https:\/\/yoast.com\/product\/yoast-seo-wordpress\/ -->\n<title>Where everything connects - TEDxAmaz\u00f4nia<\/title>\n<meta name=\"robots\" content=\"index, follow, max-snippet:-1, max-image-preview:large, max-video-preview:-1\" \/>\n<link rel=\"canonical\" href=\"https:\/\/tedxamazonia.com\/en\/where-everything-connects\/\" \/>\n<meta property=\"og:locale\" content=\"en_US\" \/>\n<meta property=\"og:type\" content=\"article\" \/>\n<meta property=\"og:title\" content=\"Where everything connects - TEDxAmaz\u00f4nia\" \/>\n<meta property=\"og:description\" content=\"TEDxAmaz\u00f4nia 2026 Where everything connects Previous editions of TEDxAmaz\u00f4nia brought together voices, reconnected ancestries and began to reclaim possible futures. In 2026, this movement crosses borders. For the first time, TEDxAmaz\u00f4nia goes beyond Brazil and arrives in Ecuador, in partnership with TEDxQuito\u2014an unprecedented gesture within the global TEDx network. It is the Amazon recognizing itself [&hellip;]\" \/>\n<meta property=\"og:url\" content=\"https:\/\/tedxamazonia.com\/en\/where-everything-connects\/\" \/>\n<meta property=\"og:site_name\" content=\"TEDxAmaz\u00f4nia\" \/>\n<meta property=\"article:modified_time\" content=\"2026-04-11T03:06:07+00:00\" \/>\n<meta name=\"twitter:card\" content=\"summary_large_image\" \/>\n<meta name=\"twitter:label1\" content=\"Est. reading time\" \/>\n\t<meta name=\"twitter:data1\" content=\"2 minutes\" \/>\n<script type=\"application\/ld+json\" class=\"yoast-schema-graph\">{\"@context\":\"https:\/\/schema.org\",\"@graph\":[{\"@type\":\"WebPage\",\"@id\":\"https:\/\/tedxamazonia.com\/en\/where-everything-connects\/\",\"url\":\"https:\/\/tedxamazonia.com\/en\/where-everything-connects\/\",\"name\":\"Where everything connects - TEDxAmaz\u00f4nia\",\"isPartOf\":{\"@id\":\"https:\/\/tedxamazonia.com\/en\/#website\"},\"datePublished\":\"2026-03-04T00:31:20+00:00\",\"dateModified\":\"2026-04-11T03:06:07+00:00\",\"breadcrumb\":{\"@id\":\"https:\/\/tedxamazonia.com\/en\/where-everything-connects\/#breadcrumb\"},\"inLanguage\":\"en-US\",\"potentialAction\":[{\"@type\":\"ReadAction\",\"target\":[\"https:\/\/tedxamazonia.com\/en\/where-everything-connects\/\"]}]},{\"@type\":\"BreadcrumbList\",\"@id\":\"https:\/\/tedxamazonia.com\/en\/where-everything-connects\/#breadcrumb\",\"itemListElement\":[{\"@type\":\"ListItem\",\"position\":1,\"name\":\"Home\",\"item\":\"https:\/\/tedxamazonia.com\/en\/home-2026\/\"},{\"@type\":\"ListItem\",\"position\":2,\"name\":\"Where everything connects\"}]},{\"@type\":\"WebSite\",\"@id\":\"https:\/\/tedxamazonia.com\/en\/#website\",\"url\":\"https:\/\/tedxamazonia.com\/en\/\",\"name\":\"TEDxAmaz\u00f4nia\",\"description\":\"TEDxAmaz\u00f4nia 2025\",\"publisher\":{\"@id\":\"https:\/\/tedxamazonia.com\/en\/#organization\"},\"potentialAction\":[{\"@type\":\"SearchAction\",\"target\":{\"@type\":\"EntryPoint\",\"urlTemplate\":\"https:\/\/tedxamazonia.com\/en\/?s={search_term_string}\"},\"query-input\":{\"@type\":\"PropertyValueSpecification\",\"valueRequired\":true,\"valueName\":\"search_term_string\"}}],\"inLanguage\":\"en-US\"},{\"@type\":\"Organization\",\"@id\":\"https:\/\/tedxamazonia.com\/en\/#organization\",\"name\":\"TEDxAmaz\u00f4nia\",\"url\":\"https:\/\/tedxamazonia.com\/en\/\",\"logo\":{\"@type\":\"ImageObject\",\"inLanguage\":\"en-US\",\"@id\":\"https:\/\/tedxamazonia.com\/en\/#\/schema\/logo\/image\/\",\"url\":\"https:\/\/tedxamazonia.com\/wp-content\/uploads\/2024\/07\/favicon.png\",\"contentUrl\":\"https:\/\/tedxamazonia.com\/wp-content\/uploads\/2024\/07\/favicon.png\",\"width\":234,\"height\":232,\"caption\":\"TEDxAmaz\u00f4nia\"},\"image\":{\"@id\":\"https:\/\/tedxamazonia.com\/en\/#\/schema\/logo\/image\/\"}}]}<\/script>\n<!-- \/ Yoast SEO plugin. -->","yoast_head_json":{"title":"Where everything connects - TEDxAmaz\u00f4nia","robots":{"index":"index","follow":"follow","max-snippet":"max-snippet:-1","max-image-preview":"max-image-preview:large","max-video-preview":"max-video-preview:-1"},"canonical":"https:\/\/tedxamazonia.com\/en\/where-everything-connects\/","og_locale":"en_US","og_type":"article","og_title":"Where everything connects - TEDxAmaz\u00f4nia","og_description":"TEDxAmaz\u00f4nia 2026 Where everything connects Previous editions of TEDxAmaz\u00f4nia brought together voices, reconnected ancestries and began to reclaim possible futures. In 2026, this movement crosses borders. For the first time, TEDxAmaz\u00f4nia goes beyond Brazil and arrives in Ecuador, in partnership with TEDxQuito\u2014an unprecedented gesture within the global TEDx network. It is the Amazon recognizing itself [&hellip;]","og_url":"https:\/\/tedxamazonia.com\/en\/where-everything-connects\/","og_site_name":"TEDxAmaz\u00f4nia","article_modified_time":"2026-04-11T03:06:07+00:00","twitter_card":"summary_large_image","twitter_misc":{"Est. reading time":"2 minutes"},"schema":{"@context":"https:\/\/schema.org","@graph":[{"@type":"WebPage","@id":"https:\/\/tedxamazonia.com\/en\/where-everything-connects\/","url":"https:\/\/tedxamazonia.com\/en\/where-everything-connects\/","name":"Where everything connects - TEDxAmaz\u00f4nia","isPartOf":{"@id":"https:\/\/tedxamazonia.com\/en\/#website"},"datePublished":"2026-03-04T00:31:20+00:00","dateModified":"2026-04-11T03:06:07+00:00","breadcrumb":{"@id":"https:\/\/tedxamazonia.com\/en\/where-everything-connects\/#breadcrumb"},"inLanguage":"en-US","potentialAction":[{"@type":"ReadAction","target":["https:\/\/tedxamazonia.com\/en\/where-everything-connects\/"]}]},{"@type":"BreadcrumbList","@id":"https:\/\/tedxamazonia.com\/en\/where-everything-connects\/#breadcrumb","itemListElement":[{"@type":"ListItem","position":1,"name":"Home","item":"https:\/\/tedxamazonia.com\/en\/home-2026\/"},{"@type":"ListItem","position":2,"name":"Where everything connects"}]},{"@type":"WebSite","@id":"https:\/\/tedxamazonia.com\/en\/#website","url":"https:\/\/tedxamazonia.com\/en\/","name":"TEDxAmaz\u00f4nia","description":"TEDxAmaz\u00f4nia 2025","publisher":{"@id":"https:\/\/tedxamazonia.com\/en\/#organization"},"potentialAction":[{"@type":"SearchAction","target":{"@type":"EntryPoint","urlTemplate":"https:\/\/tedxamazonia.com\/en\/?s={search_term_string}"},"query-input":{"@type":"PropertyValueSpecification","valueRequired":true,"valueName":"search_term_string"}}],"inLanguage":"en-US"},{"@type":"Organization","@id":"https:\/\/tedxamazonia.com\/en\/#organization","name":"TEDxAmaz\u00f4nia","url":"https:\/\/tedxamazonia.com\/en\/","logo":{"@type":"ImageObject","inLanguage":"en-US","@id":"https:\/\/tedxamazonia.com\/en\/#\/schema\/logo\/image\/","url":"https:\/\/tedxamazonia.com\/wp-content\/uploads\/2024\/07\/favicon.png","contentUrl":"https:\/\/tedxamazonia.com\/wp-content\/uploads\/2024\/07\/favicon.png","width":234,"height":232,"caption":"TEDxAmaz\u00f4nia"},"image":{"@id":"https:\/\/tedxamazonia.com\/en\/#\/schema\/logo\/image\/"}}]}},"_links":{"self":[{"href":"https:\/\/tedxamazonia.com\/en\/wp-json\/wp\/v2\/pages\/6318","targetHints":{"allow":["GET"]}}],"collection":[{"href":"https:\/\/tedxamazonia.com\/en\/wp-json\/wp\/v2\/pages"}],"about":[{"href":"https:\/\/tedxamazonia.com\/en\/wp-json\/wp\/v2\/types\/page"}],"author":[{"embeddable":true,"href":"https:\/\/tedxamazonia.com\/en\/wp-json\/wp\/v2\/users\/4"}],"replies":[{"embeddable":true,"href":"https:\/\/tedxamazonia.com\/en\/wp-json\/wp\/v2\/comments?post=6318"}],"version-history":[{"count":20,"href":"https:\/\/tedxamazonia.com\/en\/wp-json\/wp\/v2\/pages\/6318\/revisions"}],"predecessor-version":[{"id":7612,"href":"https:\/\/tedxamazonia.com\/en\/wp-json\/wp\/v2\/pages\/6318\/revisions\/7612"}],"wp:attachment":[{"href":"https:\/\/tedxamazonia.com\/en\/wp-json\/wp\/v2\/media?parent=6318"}],"curies":[{"name":"wp","href":"https:\/\/api.w.org\/{rel}","templated":true}]}}